{"id":1621,"date":"2020-09-15T10:27:18","date_gmt":"2020-09-15T10:27:18","guid":{"rendered":"https:\/\/cbam.ba\/home\/"},"modified":"2026-01-02T11:19:00","modified_gmt":"2026-01-02T11:19:00","slug":"home","status":"publish","type":"page","link":"https:\/\/cbam.ba\/en\/","title":{"rendered":"Naru\u010dite Cbam izvje\u0161taj"},"content":{"rendered":"<div class=\"wp-block-uagb-container uagb-block-df794a50 alignfull uagb-is-root-container\"><div class=\"uagb-container-inner-blocks-wrap\">\n<div class=\"wp-block-uagb-advanced-heading uagb-block-766e2cd9\"><h5 class=\"uagb-heading-text\">dostava u roku od 72 sata<\/h5><\/div>\n\n\n\n<div class=\"wp-block-uagb-info-box uagb-block-b3386ea8 uagb-infobox__content-wrap  uagb-infobox-icon-above-title uagb-infobox-image-valign-top\"><div class=\"uagb-ifb-content\"><div class=\"uagb-ifb-title-wrap\"><h1 class=\"uagb-ifb-title\">CBAM IZVJE\u0160TAJ ZA SVE SKUPINE IZVOZNIKA\u200b<br><a href=\"http:\/\/localhost\/cbam\/#\"><\/a><\/h1><\/div><div class=\"uagb-ifb-button-wrapper wp-block-button\"><a href=\"#poveznica\" class=\"uagb-infobox-cta-link wp-block-button__link\" target=\"_self\" rel=\"noopener noreferrer\" onclick=\"return true;\" alt=\"\"><span class=\"uagb-inline-editing\">o nama<\/span><\/a><\/div><\/div><\/div>\n\n\n\n<div class=\"wp-block-uagb-info-box uagb-block-95b66126 uagb-infobox__content-wrap  uagb-infobox-icon-above-title uagb-infobox-image-valign-top\"><div class=\"uagb-ifb-content\"><div class=\"uagb-ifb-icon-wrap\"><svg xmlns=\"https:\/\/www.w3.org\/2000\/svg\" viewbox=\"0 0 320 512\"><path d=\"M281.6 392.3l-104 112.1c-9.498 10.24-25.69 10.24-35.19 0l-104-112.1c-6.484-6.992-8.219-17.18-4.404-25.94c3.811-8.758 12.45-14.42 21.1-14.42H128V32c0-17.69 14.33-32 32-32S192 14.31 192 32v319.9h72c9.547 0 18.19 5.66 22 14.42C289.8 375.1 288.1 385.3 281.6 392.3z\"><\/path><\/svg><\/div><div class=\"uagb-ifb-title-wrap\"><\/div><\/div><\/div>\n<\/div><\/div>\n\n\n\n<div id=\"poveznica\" class=\"wp-block-uagb-container uagb-block-a9605dcc alignfull uagb-is-root-container\"><div class=\"uagb-container-inner-blocks-wrap\">\n<div class=\"wp-block-uagb-advanced-heading uagb-block-e759fc8b\"><h5 class=\"uagb-heading-text\">O nama<\/h5><\/div>\n\n\n\n<div class=\"wp-block-uagb-info-box uagb-block-eed855e8 uagb-infobox__content-wrap  uagb-infobox-icon-above-title uagb-infobox-image-valign-top\"><div class=\"uagb-ifb-content\"><div class=\"uagb-ifb-title-wrap\"><h2 class=\"uagb-ifb-title\">Skupina stru\u010dnjaka iz razli\u010ditih oblasti industrije<\/h2><\/div><p class=\"uagb-ifb-desc\">Tim stru\u010dnjaka s iskustvom iz razli\u010ditih industrija (\u010delik, aluminij, elektri\u010dna energija) i s detaljnim poznavanjem EU regulative koja se primjenjuje na CBAM (Mehanizam za uglji\u010dnu prilagodbu na granicama).<br><br>Preuzimamo kompletnu obvezu va\u0161eg dru\u0161tva ili obrta oko komunikacije s kupcima iz EU, izrade i dostave izvje\u0161taja.<\/p><div class=\"uagb-ifb-button-wrapper wp-block-button\"><a href=\"#poveznica2\" class=\"uagb-infobox-cta-link wp-block-button__link\" target=\"_self\" rel=\"noopener noreferrer\" onclick=\"return true;\" alt=\"\"><span class=\"uagb-inline-editing\">provjeri usluge<\/span><\/a><\/div><\/div><\/div>\n<\/div><\/div>\n\n\n\n<div id=\"poveznica2\" class=\"wp-block-uagb-container uagb-block-531ff76d alignfull uagb-is-root-container\"><div class=\"uagb-container-inner-blocks-wrap\">\n<div class=\"wp-block-uagb-container uagb-block-6501827e\">\n<div class=\"wp-block-uagb-advanced-heading uagb-block-92dd5a5b\"><h5 class=\"uagb-heading-text\">Usluge<\/h5><\/div>\n\n\n\n<div class=\"wp-block-uagb-info-box uagb-block-802a77db uagb-infobox__content-wrap  uagb-infobox-icon-above-title uagb-infobox-image-valign-top\"><div class=\"uagb-ifb-content\"><div class=\"uagb-ifb-title-wrap\"><h3 class=\"uagb-ifb-title\">Izrada CBAM izvje\u0161taja za sve skupine izvoznika.<br><\/h3><\/div><div class=\"uagb-ifb-separator\"><\/div><\/div><\/div>\n\n\n\n<div class=\"wp-block-uagb-info-box uagb-block-1ede79d4 uagb-infobox__content-wrap  uagb-infobox-icon-above-title uagb-infobox-image-valign-top\"><div class=\"uagb-ifb-content\"><div class=\"uagb-ifb-title-wrap\"><h4 class=\"uagb-ifb-title\">Izrada CBAM izvje\u0161taja<br><\/h4><\/div><p class=\"uagb-ifb-desc\">Izra\u010dun direktnih i indirektnih emisija CO2 kroz preporu\u010deni predlo\u017eak za komunikaciju i izrada personaliziranih uputa za va\u0161e kupce iz Europske Unije za unos vrijednosti u CBAM Portal.<\/p><div class=\"uagb-ifb-separator\"><\/div><\/div><\/div>\n\n\n\n<div class=\"wp-block-uagb-info-box uagb-block-e5ba37f9 uagb-infobox__content-wrap  uagb-infobox-icon-above-title uagb-infobox-image-valign-top\"><div class=\"uagb-ifb-content\"><div class=\"uagb-ifb-title-wrap\"><h4 class=\"uagb-ifb-title\">Savjetovanje i podr\u0161ka<\/h4><\/div><p class=\"uagb-ifb-desc\">Pomo\u0107 pri komunikaciji prema dobavlja\u010dima prekursora (ulaznih sirovina), izrada uputa za samostalnu izradu izvje\u0161taja i pra\u0107enje emisija.<\/p><div class=\"uagb-ifb-separator\"><\/div><\/div><\/div>\n\n\n\n<div class=\"wp-block-uagb-info-box uagb-block-6aa54f9d uagb-infobox__content-wrap  uagb-infobox-icon-above-title uagb-infobox-image-valign-top\"><div class=\"uagb-ifb-content\"><div class=\"uagb-ifb-title-wrap\"><h4 class=\"uagb-ifb-title\">Verifikacija izvje\u0161\u0107a<\/h4><\/div><p class=\"uagb-ifb-desc\">Verifikacija metodologije za izra\u010dun emisija (od 2026. godine)<\/p><\/div><\/div>\n<\/div>\n\n\n\n<div class=\"wp-block-uagb-container uagb-block-589acdf0\">\n<div class=\"wp-block-uagb-info-box uagb-block-c07890d7 uagb-infobox__content-wrap  uagb-infobox-icon-above-title uagb-infobox-image-valign-top\"><div class=\"uagb-ifb-content\"><div class=\"uagb-ifb-title-wrap\"><h2 class=\"uagb-ifb-title\">Sve usluge na jednom mjestu!<br><a href=\"http:\/\/localhost\/cbam\/#\"><\/a><\/h2><\/div><div class=\"uagb-ifb-button-wrapper wp-block-button\"><a href=\"#poveznica3\" class=\"uagb-infobox-cta-link wp-block-button__link\" target=\"_self\" rel=\"noopener noreferrer\" onclick=\"return true;\" alt=\"\"><span class=\"uagb-inline-editing\">kontaktiraj<\/span><\/a><\/div><\/div><\/div>\n<\/div>\n<\/div><\/div>\n\n\n\n\t\t\t<div class=\"wp-block-uagb-post-carousel uagb-post-grid  uagb-post__image-position-top uagb-post__image-enabled uagb-block-d0262b99     uagb-post__arrow-outside uagb-post__items uagb-post__columns-3 is-carousel uagb-post__columns-tablet-2 uagb-post__columns-mobile-1\" data-total=\"1\" style=\"\">\n\n\t\t\t\t\t\t\t\t\t\t\t\t<article class=\"uagb-post__inner-wrap\">\t\t\t\t\t\t\t\t<h4 class=\"uagb-post__title uagb-post__text\">\n\t\t\t\t<a href=\"https:\/\/cbam.ba\/en\/aktualna-pitanja-i-odgovori\/\" target=\"_self\" rel=\"bookmark noopener noreferrer\">AKTUALNA PITANJA I ODGOVORI<\/a>\n\t\t\t<\/h4>\n\t\t\t\t\t\t\t<div class='uagb-post__text uagb-post__excerpt'>\n\t\t\t\t\t<p>Komisija je na slu\u017ebenim stranicama nedavno objavila novi set odgovora na naj\u010de\u0161\u0107e postavljena pitanja, a&#8230;\t\t\t\t<\/div>\n\t\t\t\t\t\t<div class=\"uagb-post__text uagb-post__cta wp-block-button\">\n\t\t\t\t<a class=\"wp-block-button__link uagb-text-link\" href=\"https:\/\/cbam.ba\/en\/aktualna-pitanja-i-odgovori\/\" target=\"_self\" rel=\"bookmark noopener noreferrer\">pro\u010ditaj vi\u0161e<\/a>\n\t\t\t<\/div>\n\t\t\t\t\t\t\t\t\t\t\t\t<\/article>\n\t\t\t\t\t\t\t\t\t\t\t\t\t\t\t\t<article class=\"uagb-post__inner-wrap\">\t\t\t\t\t\t\t\t<h4 class=\"uagb-post__title uagb-post__text\">\n\t\t\t\t<a href=\"https:\/\/cbam.ba\/en\/osnove-cbam-regulative\/\" target=\"_self\" rel=\"bookmark noopener noreferrer\">OSNOVE CBAM REGULATIVE<\/a>\n\t\t\t<\/h4>\n\t\t\t\t\t\t\t<div class='uagb-post__text uagb-post__excerpt'>\n\t\t\t\t\t<p>CBAM regulativa, odnosno \u201eMehanizam za uglji\u010dnu prilagodbu na granicama\u201c predstavlja paket propisa koje je donijela&#8230;\t\t\t\t<\/div>\n\t\t\t\t\t\t<div class=\"uagb-post__text uagb-post__cta wp-block-button\">\n\t\t\t\t<a class=\"wp-block-button__link uagb-text-link\" href=\"https:\/\/cbam.ba\/en\/osnove-cbam-regulative\/\" target=\"_self\" rel=\"bookmark noopener noreferrer\">pro\u010ditaj vi\u0161e<\/a>\n\t\t\t<\/div>\n\t\t\t\t\t\t\t\t\t\t\t\t<\/article>\n\t\t\t\t\t\t\t\t\t\t\t\t\t\t\t\t<article class=\"uagb-post__inner-wrap\">\t\t\t\t\t\t\t\t<h4 class=\"uagb-post__title uagb-post__text\">\n\t\t\t\t<a href=\"https:\/\/cbam.ba\/en\/cbam-promjene-od-2025-godine\/\" target=\"_self\" rel=\"bookmark noopener noreferrer\">CBAM promjene od 2025. godine<\/a>\n\t\t\t<\/h4>\n\t\t\t\t\t\t\t<div class='uagb-post__text uagb-post__excerpt'>\n\t\t\t\t\t<p>Zna\u010dajan broj doma\u0107ih izvoznika proizvoda od aluminija, \u010delika i \u017eeljeza ve\u0107 je se upoznao s&#8230;\t\t\t\t<\/div>\n\t\t\t\t\t\t<div class=\"uagb-post__text uagb-post__cta wp-block-button\">\n\t\t\t\t<a class=\"wp-block-button__link uagb-text-link\" href=\"https:\/\/cbam.ba\/en\/cbam-promjene-od-2025-godine\/\" target=\"_self\" rel=\"bookmark noopener noreferrer\">pro\u010ditaj vi\u0161e<\/a>\n\t\t\t<\/div>\n\t\t\t\t\t\t\t\t\t\t\t\t<\/article>\n\t\t\t\t\t\t\t\t\t\t\t<\/div>\n\t\t\t\n\n\n<div class=\"wp-block-uagb-separator uagb-block-98b3b007\"><div class=\"wp-block-uagb-separator__inner\" style=\"--my-background-image:\"><\/div><\/div>\n\n\n\n<div id=\"poveznica3\" class=\"wp-block-uagb-container uagb-block-27283c33 alignfull uagb-is-root-container\"><div class=\"uagb-container-inner-blocks-wrap\">\n<div class=\"wp-block-uagb-container uagb-block-e5685438\">\n<div class=\"wp-block-uagb-info-box uagb-block-b1f88cec uagb-infobox__content-wrap  uagb-infobox-icon-above-title uagb-infobox-image-valign-top\"><div class=\"uagb-ifb-content\"><div class=\"uagb-ifb-icon-wrap\"><svg xmlns=\"https:\/\/www.w3.org\/2000\/svg\" viewbox=\"0 0 576 512\"><path d=\"M96 96h384v288h64V72C544 50 525.1 32 504 32H72C49.1 32 32 50 32 72V384h64V96zM560 416H416v-48c0-8.838-7.164-16-16-16h-160C231.2 352 224 359.2 224 368V416H16C7.164 416 0 423.2 0 432v32C0 472.8 7.164 480 16 480h544c8.836 0 16-7.164 16-16v-32C576 423.2 568.8 416 560 416z\"><\/path><\/svg><\/div><div class=\"uagb-ifb-title-wrap\"><h3 class=\"uagb-ifb-title\"><br>KONTAKTIRAJTE<\/h3><\/div><div class=\"uagb-ifb-separator\"><\/div><p class=\"uagb-ifb-desc\">Pozivom, porukom ili e-mailom:<br><\/p><\/div><\/div>\n\n\n\n<div class=\"wp-block-uagb-icon-list uagb-block-1717d0fb\"><div class=\"uagb-icon-list__wrap\">\n<div class=\"wp-block-uagb-icon-list-child uagb-block-f7ffd6d3\"><span class=\"uagb-icon-list__source-wrap\"><svg xmlns=\"https:\/\/www.w3.org\/2000\/svg\" viewbox=\"0 0 512 512\"><path d=\"M18.92 351.2l108.5-46.52c12.78-5.531 27.77-1.801 36.45 8.98l44.09 53.82c69.25-34 125.5-90.31 159.5-159.5l-53.81-44.04c-10.75-8.781-14.41-23.69-8.974-36.47l46.51-108.5c6.094-13.91 21.1-21.52 35.79-18.11l100.8 23.25c14.25 3.25 24.22 15.8 24.22 30.46c0 252.3-205.2 457.5-457.5 457.5c-14.67 0-27.18-9.968-30.45-24.22l-23.25-100.8C-2.571 372.4 5.018 357.2 18.92 351.2z\"><\/path><\/svg><\/span><span class=\"uagb-icon-list__label\">+387 63 212 806<\/span><\/div>\n\n\n\n<div class=\"wp-block-uagb-icon-list-child uagb-block-ce025f41\"><span class=\"uagb-icon-list__source-wrap\"><svg xmlns=\"https:\/\/www.w3.org\/2000\/svg\" viewbox=\"0 0 512 512\"><path d=\"M464 64C490.5 64 512 85.49 512 112C512 127.1 504.9 141.3 492.8 150.4L275.2 313.6C263.8 322.1 248.2 322.1 236.8 313.6L19.2 150.4C7.113 141.3 0 127.1 0 112C0 85.49 21.49 64 48 64H464zM217.6 339.2C240.4 356.3 271.6 356.3 294.4 339.2L512 176V384C512 419.3 483.3 448 448 448H64C28.65 448 0 419.3 0 384V176L217.6 339.2z\"><\/path><\/svg><\/span><span class=\"uagb-icon-list__label\">info@cbam.ba<\/span><\/div>\n\n\n\n<div class=\"wp-block-uagb-icon-list-child uagb-block-71259cdc\"><span class=\"uagb-icon-list__source-wrap\"><svg xmlns=\"https:\/\/www.w3.org\/2000\/svg\" viewbox=\"0 0 512 512\"><path d=\"M464 64C490.5 64 512 85.49 512 112C512 127.1 504.9 141.3 492.8 150.4L275.2 313.6C263.8 322.1 248.2 322.1 236.8 313.6L19.2 150.4C7.113 141.3 0 127.1 0 112C0 85.49 21.49 64 48 64H464zM217.6 339.2C240.4 356.3 271.6 356.3 294.4 339.2L512 176V384C512 419.3 483.3 448 448 448H64C28.65 448 0 419.3 0 384V176L217.6 339.2z\"><\/path><\/svg><\/span><span class=\"uagb-icon-list__label\">cbamdoo@gmail.com<\/span><\/div>\n<\/div><\/div>\n<\/div>\n\n\n\n<div class=\"wp-block-uagb-container uagb-block-4a5f3d26\">\n<div class=\"wp-block-uagb-forms uagb-forms__outer-wrap uagb-block-9f8791a2 uagb-forms__medium-btn\"><form class=\"uagb-forms-main-form\" method=\"post\" autocomplete=\"on\" name=\"uagb-form-9f8791a2\">\n<div class=\"wp-block-uagb-forms-name uagb-forms-name-wrap uagb-forms-field-set uagb-block-188a4787\"><div class=\"uagb-forms-name-label required uagb-forms-input-label\" id=\"188a4787\">Ime<\/div><input type=\"text\" placeholder=\"\" required class=\"uagb-forms-name-input uagb-forms-input\" name=\"188a4787\" autocomplete=\"given-name\"\/><\/div>\n\n\n\n<div class=\"wp-block-uagb-forms-name uagb-forms-name-wrap uagb-forms-field-set uagb-block-cb58d011\"><div class=\"uagb-forms-name-label required uagb-forms-input-label\" id=\"cb58d011\">Prezime<\/div><input type=\"text\" placeholder=\"\" required class=\"uagb-forms-name-input uagb-forms-input\" name=\"cb58d011\" autocomplete=\"family-name\"\/><\/div>\n\n\n\n<div class=\"wp-block-uagb-forms-email uagb-forms-email-wrap uagb-forms-field-set uagb-block-7aa78f89\"><div class=\"uagb-forms-email-label  uagb-forms-input-label\" id=\"7aa78f89\">Email<\/div><input type=\"email\" class=\"uagb-forms-email-input uagb-forms-input\" placeholder=\"\" name=\"7aa78f89\" autocomplete=\"email\"\/><\/div>\n\n\n\n<div class=\"wp-block-uagb-forms-textarea uagb-forms-textarea-wrap uagb-forms-field-set uagb-block-fc17b8d6\"><div class=\"uagb-forms-textarea-label required uagb-forms-input-label\" id=\"fc17b8d6\">Poruka<\/div><textarea required class=\"uagb-forms-textarea-input uagb-forms-input\" rows=\"4\" placeholder=\"\" name=\"fc17b8d6\" autocomplete=\"off\"><\/textarea><\/div>\n<div class=\"uagb-forms-form-hidden-data\"><input type=\"hidden\" class=\"uagb_forms_form_label\" value=\"Spectra Form\"\/><input type=\"hidden\" class=\"uagb_forms_form_id\" value=\"uagb-form-9f8791a2\"\/><\/div><div class=\"uagb-form-reacaptcha-error-9f8791a2\"><\/div><div class=\"uagb-forms-main-submit-button-wrap wp-block-button\"><button class=\"uagb-forms-main-submit-button wp-block-button__link\"><div class=\"uagb-forms-main-submit-button-text\">po\u0161alji<\/div><\/button><\/div><input type=\"hidden\" name=\"trp-form-language\" value=\"en\"\/><\/form><div class=\"uagb-forms-success-message-9f8791a2 uagb-forms-submit-message-hide\"><span>Po\u0161tovani, poruka je uspje\u0161no poslana.<\/span><\/div><div class=\"uagb-forms-failed-message-9f8791a2 uagb-forms-submit-message-hide\"><span>There has been some error while submitting the form. Please verify all form fields again.<\/span><\/div><\/div>\n<\/div>\n<\/div><\/div>\n\n\n\n<div class=\"wp-block-uagb-container uagb-block-b7e3b25d alignfull uagb-is-root-container\"><div class=\"uagb-container-inner-blocks-wrap\"><\/div><\/div>","protected":false},"excerpt":{"rendered":"<p>dostava u roku od 72 sata O nama Usluge<\/p>","protected":false},"author":1,"featured_media":0,"parent":0,"menu_order":0,"comment_status":"closed","ping_status":"closed","template":"","meta":{"_uag_custom_page_level_css":"","site-sidebar-layout":"no-sidebar","site-content-layout":"plain-container","ast-site-content-layout":"normal-width-container","site-content-style":"unboxed","site-sidebar-style":"unboxed","ast-global-header-display":"","ast-banner-title-visibility":"","ast-main-header-display":"","ast-hfb-above-header-display":"","ast-hfb-below-header-display":"","ast-hfb-mobile-header-display":"","site-post-title":"disabled","ast-breadcrumbs-content":"","ast-featured-img":"disabled","footer-sml-layout":"","theme-transparent-header-meta":"enabled","adv-header-id-meta":"","stick-header-meta":"","header-above-stick-meta":"","header-main-stick-meta":"","header-below-stick-meta":"","astra-migrate-meta-layouts":"set","ast-page-background-enabled":"default","ast-page-background-meta":{"desktop":{"background-color":"","background-image":"","background-repeat":"repeat","background-position":"center center","background-size":"auto","background-attachment":"scroll","background-type":"","background-media":"","overlay-type":"","overlay-color":"","overlay-gradient":""},"tablet":{"background-color":"","background-image":"","background-repeat":"repeat","background-position":"center center","background-size":"auto","background-attachment":"scroll","background-type":"","background-media":"","overlay-type":"","overlay-color":"","overlay-gradient":""},"mobile":{"background-color":"","background-image":"","background-repeat":"repeat","background-position":"center center","background-size":"auto","background-attachment":"scroll","background-type":"","background-media":"","overlay-type":"","overlay-color":"","overlay-gradient":""}},"ast-content-background-meta":{"desktop":{"background-color":"var(--ast-global-color-5)","background-image":"","background-repeat":"repeat","background-position":"center center","background-size":"auto","background-attachment":"scroll","background-type":"","background-media":"","overlay-type":"","overlay-color":"","overlay-gradient":""},"tablet":{"background-color":"var(--ast-global-color-5)","background-image":"","background-repeat":"repeat","background-position":"center center","background-size":"auto","background-attachment":"scroll","background-type":"","background-media":"","overlay-type":"","overlay-color":"","overlay-gradient":""},"mobile":{"background-color":"var(--ast-global-color-5)","background-image":"","background-repeat":"repeat","background-position":"center center","background-size":"auto","background-attachment":"scroll","background-type":"","background-media":"","overlay-type":"","overlay-color":"","overlay-gradient":""}},"footnotes":""},"class_list":["post-1621","page","type-page","status-publish","hentry"],"yoast_head":"<!-- This site is optimized with the Yoast SEO plugin v21.9 - https:\/\/yoast.com\/wordpress\/plugins\/seo\/ -->\n<title>Naru\u010dite Cbam izvje\u0161taj -<\/title>\n<meta name=\"description\" content=\"CBAM, CBAM izvje\u0161taji, izrda CBAM izvje\u0161taja, Carbon border, CO2, Bosna i Hercegovina, Izvoz, Porez, Ugljik, Carina, Grani\u010dni mehanizam, ETS, emisija, verifikacija\" \/>\n<meta name=\"robots\" content=\"index, follow, max-snippet:-1, max-image-preview:large, max-video-preview:-1\" \/>\n<link rel=\"canonical\" href=\"https:\/\/cbam.ba\/en\/\" \/>\n<meta property=\"og:locale\" content=\"en_GB\" \/>\n<meta property=\"og:type\" content=\"article\" \/>\n<meta property=\"og:title\" content=\"Naru\u010dite Cbam izvje\u0161taj -\" \/>\n<meta property=\"og:description\" content=\"CBAM, CBAM izvje\u0161taji, izrda CBAM izvje\u0161taja, Carbon border, CO2, Bosna i Hercegovina, Izvoz, Porez, Ugljik, Carina, Grani\u010dni mehanizam, ETS, emisija, verifikacija\" \/>\n<meta property=\"og:url\" content=\"https:\/\/cbam.ba\/en\/\" \/>\n<meta property=\"article:modified_time\" content=\"2026-01-02T11:19:00+00:00\" \/>\n<meta name=\"twitter:card\" content=\"summary_large_image\" \/>\n<meta name=\"twitter:label1\" content=\"Estimated reading time\" \/>\n\t<meta name=\"twitter:data1\" content=\"1 minute\" \/>\n<script type=\"application\/ld+json\" class=\"yoast-schema-graph\">{\"@context\":\"https:\/\/schema.org\",\"@graph\":[{\"@type\":\"WebPage\",\"@id\":\"https:\/\/cbam.ba\/\",\"url\":\"https:\/\/cbam.ba\/\",\"name\":\"Naru\u010dite Cbam izvje\u0161taj -\",\"isPartOf\":{\"@id\":\"https:\/\/cbam.ba\/#website\"},\"datePublished\":\"2020-09-15T10:27:18+00:00\",\"dateModified\":\"2026-01-02T11:19:00+00:00\",\"description\":\"CBAM, CBAM izvje\u0161taji, izrda CBAM izvje\u0161taja, Carbon border, CO2, Bosna i Hercegovina, Izvoz, Porez, Ugljik, Carina, Grani\u010dni mehanizam, ETS, emisija, verifikacija\",\"breadcrumb\":{\"@id\":\"https:\/\/cbam.ba\/#breadcrumb\"},\"inLanguage\":\"en-GB\",\"potentialAction\":[{\"@type\":\"ReadAction\",\"target\":[\"https:\/\/cbam.ba\/\"]}]},{\"@type\":\"BreadcrumbList\",\"@id\":\"https:\/\/cbam.ba\/#breadcrumb\",\"itemListElement\":[{\"@type\":\"ListItem\",\"position\":1,\"name\":\"Home\",\"item\":\"https:\/\/cbam.ba\/\"},{\"@type\":\"ListItem\",\"position\":2,\"name\":\"Naru\u010dite Cbam izvje\u0161taj\"}]},{\"@type\":\"WebSite\",\"@id\":\"https:\/\/cbam.ba\/#website\",\"url\":\"https:\/\/cbam.ba\/\",\"name\":\"CBAM\",\"description\":\"\",\"publisher\":{\"@id\":\"https:\/\/cbam.ba\/#organization\"},\"potentialAction\":[{\"@type\":\"SearchAction\",\"target\":{\"@type\":\"EntryPoint\",\"urlTemplate\":\"https:\/\/cbam.ba\/?s={search_term_string}\"},\"query-input\":\"required name=search_term_string\"}],\"inLanguage\":\"en-GB\"},{\"@type\":\"Organization\",\"@id\":\"https:\/\/cbam.ba\/#organization\",\"name\":\"CBAM\",\"url\":\"https:\/\/cbam.ba\/\",\"logo\":{\"@type\":\"ImageObject\",\"inLanguage\":\"en-GB\",\"@id\":\"https:\/\/cbam.ba\/#\/schema\/logo\/image\/\",\"url\":\"https:\/\/cbam.ba\/wp-content\/uploads\/2025\/10\/cropped-ChatGPT-Image-Oct-20-2025-07_46_08-PM.png\",\"contentUrl\":\"https:\/\/cbam.ba\/wp-content\/uploads\/2025\/10\/cropped-ChatGPT-Image-Oct-20-2025-07_46_08-PM.png\",\"width\":1535,\"height\":512,\"caption\":\"CBAM\"},\"image\":{\"@id\":\"https:\/\/cbam.ba\/#\/schema\/logo\/image\/\"}}]}<\/script>\n<!-- \/ Yoast SEO plugin. -->","yoast_head_json":{"title":"Naru\u010dite Cbam izvje\u0161taj -","description":"CBAM, CBAM izvje\u0161taji, izrda CBAM izvje\u0161taja, Carbon border, CO2, Bosna i Hercegovina, Izvoz, Porez, Ugljik, Carina, Grani\u010dni mehanizam, ETS, emisija, verifikacija","robots":{"index":"index","follow":"follow","max-snippet":"max-snippet:-1","max-image-preview":"max-image-preview:large","max-video-preview":"max-video-preview:-1"},"canonical":"https:\/\/cbam.ba\/en\/","og_locale":"en_GB","og_type":"article","og_title":"Naru\u010dite Cbam izvje\u0161taj -","og_description":"CBAM, CBAM izvje\u0161taji, izrda CBAM izvje\u0161taja, Carbon border, CO2, Bosna i Hercegovina, Izvoz, Porez, Ugljik, Carina, Grani\u010dni mehanizam, ETS, emisija, verifikacija","og_url":"https:\/\/cbam.ba\/en\/","article_modified_time":"2026-01-02T11:19:00+00:00","twitter_card":"summary_large_image","twitter_misc":{"Estimated reading time":"1 minute"},"schema":{"@context":"https:\/\/schema.org","@graph":[{"@type":"WebPage","@id":"https:\/\/cbam.ba\/","url":"https:\/\/cbam.ba\/","name":"Naru\u010dite Cbam izvje\u0161taj -","isPartOf":{"@id":"https:\/\/cbam.ba\/#website"},"datePublished":"2020-09-15T10:27:18+00:00","dateModified":"2026-01-02T11:19:00+00:00","description":"CBAM, CBAM izvje\u0161taji, izrda CBAM izvje\u0161taja, Carbon border, CO2, Bosna i Hercegovina, Izvoz, Porez, Ugljik, Carina, Grani\u010dni mehanizam, ETS, emisija, verifikacija","breadcrumb":{"@id":"https:\/\/cbam.ba\/#breadcrumb"},"inLanguage":"en-GB","potentialAction":[{"@type":"ReadAction","target":["https:\/\/cbam.ba\/"]}]},{"@type":"BreadcrumbList","@id":"https:\/\/cbam.ba\/#breadcrumb","itemListElement":[{"@type":"ListItem","position":1,"name":"Home","item":"https:\/\/cbam.ba\/"},{"@type":"ListItem","position":2,"name":"Naru\u010dite Cbam izvje\u0161taj"}]},{"@type":"WebSite","@id":"https:\/\/cbam.ba\/#website","url":"https:\/\/cbam.ba\/","name":"CBAM","description":"","publisher":{"@id":"https:\/\/cbam.ba\/#organization"},"potentialAction":[{"@type":"SearchAction","target":{"@type":"EntryPoint","urlTemplate":"https:\/\/cbam.ba\/?s={search_term_string}"},"query-input":"required name=search_term_string"}],"inLanguage":"en-GB"},{"@type":"Organization","@id":"https:\/\/cbam.ba\/#organization","name":"CBAM","url":"https:\/\/cbam.ba\/","logo":{"@type":"ImageObject","inLanguage":"en-GB","@id":"https:\/\/cbam.ba\/#\/schema\/logo\/image\/","url":"https:\/\/cbam.ba\/wp-content\/uploads\/2025\/10\/cropped-ChatGPT-Image-Oct-20-2025-07_46_08-PM.png","contentUrl":"https:\/\/cbam.ba\/wp-content\/uploads\/2025\/10\/cropped-ChatGPT-Image-Oct-20-2025-07_46_08-PM.png","width":1535,"height":512,"caption":"CBAM"},"image":{"@id":"https:\/\/cbam.ba\/#\/schema\/logo\/image\/"}}]}},"uagb_featured_image_src":{"full":false,"thumbnail":false,"medium":false,"medium_large":false,"large":false,"1536x1536":false,"2048x2048":false,"trp-custom-language-flag":false},"uagb_author_info":{"display_name":"vinko","author_link":"https:\/\/cbam.ba\/en\/author\/vinko\/"},"uagb_comment_info":0,"uagb_excerpt":"dostava u roku od 72 sata O nama Usluge","_links":{"self":[{"href":"https:\/\/cbam.ba\/en\/wp-json\/wp\/v2\/pages\/1621","targetHints":{"allow":["GET"]}}],"collection":[{"href":"https:\/\/cbam.ba\/en\/wp-json\/wp\/v2\/pages"}],"about":[{"href":"https:\/\/cbam.ba\/en\/wp-json\/wp\/v2\/types\/page"}],"author":[{"embeddable":true,"href":"https:\/\/cbam.ba\/en\/wp-json\/wp\/v2\/users\/1"}],"replies":[{"embeddable":true,"href":"https:\/\/cbam.ba\/en\/wp-json\/wp\/v2\/comments?post=1621"}],"version-history":[{"count":58,"href":"https:\/\/cbam.ba\/en\/wp-json\/wp\/v2\/pages\/1621\/revisions"}],"predecessor-version":[{"id":2045,"href":"https:\/\/cbam.ba\/en\/wp-json\/wp\/v2\/pages\/1621\/revisions\/2045"}],"wp:attachment":[{"href":"https:\/\/cbam.ba\/en\/wp-json\/wp\/v2\/media?parent=1621"}],"curies":[{"name":"wp","href":"https:\/\/api.w.org\/{rel}","templated":true}]}}